{"id":363,"date":"2022-02-14T18:24:20","date_gmt":"2022-02-14T17:24:20","guid":{"rendered":"http:\/\/carreleur-bano.fr\/?page_id=363"},"modified":"2023-02-20T09:36:58","modified_gmt":"2023-02-20T08:36:58","slug":"363-2","status":"publish","type":"page","link":"https:\/\/carreleur-bano.fr\/","title":{"rendered":"Bienvenue"},"content":{"rendered":"\n<div class=\"wp-block-cover alignfull is-light\" style=\"min-height:800px;aspect-ratio:unset;\"><span aria-hidden=\"true\" class=\"wp-block-cover__background has-nv-dark-bg-background-color has-background-dim\"><\/span><img loading=\"lazy\" decoding=\"async\" width=\"2000\" height=\"1412\" class=\"wp-block-cover__image-background wp-image-369\" alt=\"\" src=\"http:\/\/carreleur-bano.fr\/wp-content\/uploads\/2022\/02\/AdobeStock_340904145v2.jpg\" data-object-fit=\"cover\" srcset=\"https:\/\/carreleur-bano.fr\/wp-content\/uploads\/2022\/02\/AdobeStock_340904145v2.jpg 2000w, https:\/\/carreleur-bano.fr\/wp-content\/uploads\/2022\/02\/AdobeStock_340904145v2-300x212.jpg 300w, https:\/\/carreleur-bano.fr\/wp-content\/uploads\/2022\/02\/AdobeStock_340904145v2-1024x723.jpg 1024w, https:\/\/carreleur-bano.fr\/wp-content\/uploads\/2022\/02\/AdobeStock_340904145v2-768x542.jpg 768w, https:\/\/carreleur-bano.fr\/wp-content\/uploads\/2022\/02\/AdobeStock_340904145v2-1536x1084.jpg 1536w\" sizes=\"auto, (max-width: 2000px) 100vw, 2000px\" \/><div class=\"wp-block-cover__inner-container is-layout-flow wp-block-cover-is-layout-flow\">\n<h1 class=\"has-text-align-center has-nv-site-bg-color has-text-color wp-block-heading\" id=\"alexandre-bano-artisan-carreleur\">Alexandre Bano<br>Artisan carreleur<\/h1>\n\n\n\n<p class=\"has-text-align-center has-nv-site-bg-color has-text-color has-medium-font-size\">Avec plus de 30 ans de m\u00e9tier dans le b\u00e2timent, Alexandre Bano est un artisan carreleur rigoureux qui saura vous accompagner dans tous vos projets de vie<\/p>\n\n\n\n<div class=\"wp-block-buttons is-horizontal is-content-justification-center is-layout-flex wp-container-core-buttons-is-layout-499968f5 wp-block-buttons-is-layout-flex\">\n<div class=\"wp-block-button is-style-fill is-style-primary\"><a class=\"wp-block-button__link has-ast-global-color-2-color has-ast-global-color-5-background-color has-text-color has-background\" href=\"tel:+33610333223\">DEVIS GRATUIT : 06.10.33.32.23<\/a><\/div>\n<\/div>\n<\/div><\/div>\n\n\n\n<div style=\"height:60px\" aria-hidden=\"true\" class=\"wp-block-spacer\"><\/div>\n\n\n\n<div id=\"Carrelage\" class=\"wp-block-group has-ast-global-color-5-background-color has-background\"><div class=\"wp-block-group__inner-container is-layout-flow wp-block-group-is-layout-flow\">\n<div class=\"wp-block-columns is-layout-flex wp-container-core-columns-is-layout-9d6595d7 wp-block-columns-is-layout-flex\">\n<div class=\"wp-block-column is-layout-flow wp-block-column-is-layout-flow\">\n<h2 class=\"has-text-align-left has-large-font-size wp-block-heading\" id=\"ecouter-comprendre-conseiller\">Carreleur expert en pose de carrelage, c\u00e9ramique, fa\u00efence, pierres&#8230;<\/h2>\n<\/div>\n\n\n\n<div class=\"wp-block-column is-layout-flow wp-block-column-is-layout-flow\">\n<p class=\"has-medium-font-size\"><strong>Alexandre Bano, artisan carreleur<\/strong>, vous propose de vous accompagner dans tous vos besoins de pose de c\u00e9ramique, carrelage, fa\u00efence et pierres pour l&rsquo;int\u00e9rieur ou l&rsquo;ext\u00e9rieur de votre maison.<\/p>\n\n\n\n<p class=\"has-medium-font-size\"><strong>Neuf ou en r\u00e9novation<\/strong>, faites de votre terrasse, votre salle de bain, votre cuisine ou votre salle de vie le lieu dont vous avez toujours r\u00eav\u00e9 !<\/p>\n<\/div>\n<\/div>\n<\/div><\/div>\n\n\n\n<div class=\"wp-block-group alignfull has-ast-global-color-5-background-color has-background\"><div class=\"wp-block-group__inner-container is-layout-flow wp-block-group-is-layout-flow\">\n<div class=\"wp-block-columns are-vertically-aligned-center is-layout-flex wp-container-core-columns-is-layout-9d6595d7 wp-block-columns-is-layout-flex\">\n<div class=\"wp-block-column is-vertically-aligned-center is-layout-flow wp-block-column-is-layout-flow\">\n<div class=\"wp-block-cover is-light\"><span aria-hidden=\"true\" class=\"wp-block-cover__background has-ast-global-color-1-background-color has-background-dim-30 has-background-dim\"><\/span><img loading=\"lazy\" decoding=\"async\" width=\"800\" height=\"599\" class=\"wp-block-cover__image-background wp-image-430\" alt=\"\" src=\"http:\/\/carreleur-bano.fr\/wp-content\/uploads\/2022\/02\/SDB-Ingrandes-Apresv2.jpg\" data-object-fit=\"cover\" srcset=\"https:\/\/carreleur-bano.fr\/wp-content\/uploads\/2022\/02\/SDB-Ingrandes-Apresv2.jpg 800w, https:\/\/carreleur-bano.fr\/wp-content\/uploads\/2022\/02\/SDB-Ingrandes-Apresv2-300x225.jpg 300w, https:\/\/carreleur-bano.fr\/wp-content\/uploads\/2022\/02\/SDB-Ingrandes-Apresv2-768x575.jpg 768w\" sizes=\"auto, (max-width: 800px) 100vw, 800px\" \/><div class=\"wp-block-cover__inner-container is-layout-flow wp-block-cover-is-layout-flow\">\n<p class=\"has-text-align-center has-medium-font-size\"><\/p>\n<\/div><\/div>\n\n\n\n<div style=\"height:20px\" aria-hidden=\"true\" class=\"wp-block-spacer\"><\/div>\n\n\n\n<p class=\"has-text-align-center has-medium-font-size\">Salle de bain \u00e0 Ingrandes en 2019<\/p>\n<\/div>\n\n\n\n<div class=\"wp-block-column is-vertically-aligned-center is-layout-flow wp-block-column-is-layout-flow\">\n<div class=\"wp-block-cover is-light\"><span aria-hidden=\"true\" class=\"wp-block-cover__background has-ast-global-color-1-background-color has-background-dim-30 has-background-dim\"><\/span><img loading=\"lazy\" decoding=\"async\" width=\"1200\" height=\"2133\" class=\"wp-block-cover__image-background wp-image-429\" alt=\"\" src=\"http:\/\/carreleur-bano.fr\/wp-content\/uploads\/2022\/02\/Terrasse-paves-Gencay-Apresv2.jpg\" data-object-fit=\"cover\" srcset=\"https:\/\/carreleur-bano.fr\/wp-content\/uploads\/2022\/02\/Terrasse-paves-Gencay-Apresv2.jpg 1200w, https:\/\/carreleur-bano.fr\/wp-content\/uploads\/2022\/02\/Terrasse-paves-Gencay-Apresv2-169x300.jpg 169w, https:\/\/carreleur-bano.fr\/wp-content\/uploads\/2022\/02\/Terrasse-paves-Gencay-Apresv2-576x1024.jpg 576w, https:\/\/carreleur-bano.fr\/wp-content\/uploads\/2022\/02\/Terrasse-paves-Gencay-Apresv2-768x1365.jpg 768w, https:\/\/carreleur-bano.fr\/wp-content\/uploads\/2022\/02\/Terrasse-paves-Gencay-Apresv2-864x1536.jpg 864w, https:\/\/carreleur-bano.fr\/wp-content\/uploads\/2022\/02\/Terrasse-paves-Gencay-Apresv2-1152x2048.jpg 1152w\" sizes=\"auto, (max-width: 1200px) 100vw, 1200px\" \/><div class=\"wp-block-cover__inner-container is-layout-flow wp-block-cover-is-layout-flow\">\n<p class=\"has-text-align-center has-nv-site-bg-color has-text-color has-medium-font-size\"><\/p>\n<\/div><\/div>\n\n\n\n<div style=\"height:20px\" aria-hidden=\"true\" class=\"wp-block-spacer\"><\/div>\n\n\n\n<p class=\"has-text-align-center has-medium-font-size\">Terrasse \u00e0 Gencay en 2021<\/p>\n<\/div>\n\n\n\n<div class=\"wp-block-column is-vertically-aligned-center is-layout-flow wp-block-column-is-layout-flow\">\n<div class=\"wp-block-cover\"><span aria-hidden=\"true\" class=\"wp-block-cover__background has-ast-global-color-1-background-color has-background-dim-30 has-background-dim\"><\/span><img loading=\"lazy\" decoding=\"async\" width=\"1200\" height=\"540\" class=\"wp-block-cover__image-background wp-image-431\" alt=\"\" src=\"http:\/\/carreleur-bano.fr\/wp-content\/uploads\/2022\/02\/Cuisine-fontaine-le-compte-1v2.jpg\" data-object-fit=\"cover\" srcset=\"https:\/\/carreleur-bano.fr\/wp-content\/uploads\/2022\/02\/Cuisine-fontaine-le-compte-1v2.jpg 1200w, https:\/\/carreleur-bano.fr\/wp-content\/uploads\/2022\/02\/Cuisine-fontaine-le-compte-1v2-300x135.jpg 300w, https:\/\/carreleur-bano.fr\/wp-content\/uploads\/2022\/02\/Cuisine-fontaine-le-compte-1v2-1024x461.jpg 1024w, https:\/\/carreleur-bano.fr\/wp-content\/uploads\/2022\/02\/Cuisine-fontaine-le-compte-1v2-768x346.jpg 768w\" sizes=\"auto, (max-width: 1200px) 100vw, 1200px\" \/><div class=\"wp-block-cover__inner-container is-layout-flow wp-block-cover-is-layout-flow\">\n<p class=\"has-text-align-center has-nv-site-bg-color has-text-color has-medium-font-size\"><\/p>\n<\/div><\/div>\n\n\n\n<div style=\"height:20px\" aria-hidden=\"true\" class=\"wp-block-spacer\"><\/div>\n\n\n\n<p class=\"has-text-align-center has-medium-font-size\">Cuisine \u00e0 Fontaine-le-Comte en 2021<\/p>\n<\/div>\n<\/div>\n<\/div><\/div>\n\n\n\n<div style=\"height:40px\" aria-hidden=\"true\" class=\"wp-block-spacer\"><\/div>\n\n\n\n<h2 class=\"has-text-align-center wp-block-heading\" id=\"alexandre-bano-artisan-carreleur-vous-accompagne-en-3-etapes\" style=\"font-size:30px\">Alexandre Bano, artisan carreleur,<br>vous accompagne en 3 \u00e9tapes !<\/h2>\n\n\n\n<div style=\"height:30px\" aria-hidden=\"true\" class=\"wp-block-spacer\"><\/div>\n\n\n\n<div class=\"wp-block-columns is-layout-flex wp-container-core-columns-is-layout-9d6595d7 wp-block-columns-is-layout-flex\">\n<div class=\"wp-block-column is-layout-flow wp-block-column-is-layout-flow\" style=\"flex-basis:100%\">\n<div class=\"wp-block-columns is-layout-flex wp-container-core-columns-is-layout-9d6595d7 wp-block-columns-is-layout-flex\">\n<div class=\"wp-block-column is-layout-flow wp-block-column-is-layout-flow\" style=\"flex-basis:100%\">\n<div class=\"wp-block-group\"><div class=\"wp-block-group__inner-container is-layout-flow wp-block-group-is-layout-flow\">\n<div class=\"wp-block-columns is-layout-flex wp-container-core-columns-is-layout-9d6595d7 wp-block-columns-is-layout-flex\">\n<div class=\"wp-block-column is-layout-flow wp-block-column-is-layout-flow\"><div class=\"wp-block-image\">\n<figure class=\"aligncenter size-thumbnail\"><img loading=\"lazy\" decoding=\"async\" width=\"150\" height=\"150\" src=\"http:\/\/carreleur-bano.fr\/wp-content\/uploads\/2022\/02\/3840581-150x150.png\" alt=\"\" class=\"wp-image-454\" srcset=\"https:\/\/carreleur-bano.fr\/wp-content\/uploads\/2022\/02\/3840581-150x150.png 150w, https:\/\/carreleur-bano.fr\/wp-content\/uploads\/2022\/02\/3840581-300x300.png 300w, https:\/\/carreleur-bano.fr\/wp-content\/uploads\/2022\/02\/3840581.png 512w\" sizes=\"auto, (max-width: 150px) 100vw, 150px\" \/><\/figure>\n<\/div>\n\n\n<div style=\"height:20px\" aria-hidden=\"true\" class=\"wp-block-spacer\"><\/div>\n\n\n\n<p class=\"has-text-align-center has-medium-font-size\">1er rendez-vous en 48h pour obtenir votre <strong>devis gratuit<\/strong><\/p>\n<\/div>\n\n\n\n<div class=\"wp-block-column is-layout-flow wp-block-column-is-layout-flow\"><div class=\"wp-block-image\">\n<figure class=\"aligncenter size-thumbnail\"><img loading=\"lazy\" decoding=\"async\" width=\"150\" height=\"150\" src=\"http:\/\/carreleur-bano.fr\/wp-content\/uploads\/2022\/02\/3841714-150x150.png\" alt=\"\" class=\"wp-image-456\" srcset=\"https:\/\/carreleur-bano.fr\/wp-content\/uploads\/2022\/02\/3841714-150x150.png 150w, https:\/\/carreleur-bano.fr\/wp-content\/uploads\/2022\/02\/3841714-300x300.png 300w, https:\/\/carreleur-bano.fr\/wp-content\/uploads\/2022\/02\/3841714.png 512w\" sizes=\"auto, (max-width: 150px) 100vw, 150px\" \/><\/figure>\n<\/div>\n\n\n<div style=\"height:20px\" aria-hidden=\"true\" class=\"wp-block-spacer\"><\/div>\n\n\n\n<p class=\"has-text-align-center has-medium-font-size\"><strong>D\u00e9but de chantier<\/strong><\/p>\n<\/div>\n\n\n\n<div class=\"wp-block-column is-layout-flow wp-block-column-is-layout-flow\"><div class=\"wp-block-image is-style-default\">\n<figure class=\"aligncenter size-thumbnail\"><img loading=\"lazy\" decoding=\"async\" width=\"150\" height=\"150\" src=\"http:\/\/carreleur-bano.fr\/wp-content\/uploads\/2022\/02\/3841715-1-150x150.png\" alt=\"\" class=\"wp-image-457\" srcset=\"https:\/\/carreleur-bano.fr\/wp-content\/uploads\/2022\/02\/3841715-1-150x150.png 150w, https:\/\/carreleur-bano.fr\/wp-content\/uploads\/2022\/02\/3841715-1-300x300.png 300w, https:\/\/carreleur-bano.fr\/wp-content\/uploads\/2022\/02\/3841715-1.png 512w\" sizes=\"auto, (max-width: 150px) 100vw, 150px\" \/><\/figure>\n<\/div>\n\n\n<div style=\"height:20px\" aria-hidden=\"true\" class=\"wp-block-spacer\"><\/div>\n\n\n\n<p class=\"has-text-align-center has-medium-font-size\"><strong>Cl\u00f4ture<\/strong> de chantier avec la signature du <strong>proc\u00e8s verbal<\/strong><\/p>\n<\/div>\n<\/div>\n<\/div><\/div>\n<\/div>\n<\/div>\n<\/div>\n<\/div>\n\n\n\n<div class=\"wp-block-group alignfull has-ast-global-color-4-background-color has-background\"><div class=\"wp-block-group__inner-container is-layout-flow wp-block-group-is-layout-flow\">\n<div class=\"wp-block-columns is-layout-flex wp-container-core-columns-is-layout-9d6595d7 wp-block-columns-is-layout-flex\">\n<div class=\"wp-block-column is-layout-flow wp-block-column-is-layout-flow\">\n<figure class=\"wp-block-image size-full\"><img loading=\"lazy\" decoding=\"async\" width=\"800\" height=\"450\" src=\"http:\/\/carreleur-bano.fr\/wp-content\/uploads\/2022\/06\/jpeg-imag11-1.jpg\" alt=\"\" class=\"wp-image-486\" srcset=\"https:\/\/carreleur-bano.fr\/wp-content\/uploads\/2022\/06\/jpeg-imag11-1.jpg 800w, https:\/\/carreleur-bano.fr\/wp-content\/uploads\/2022\/06\/jpeg-imag11-1-300x169.jpg 300w, https:\/\/carreleur-bano.fr\/wp-content\/uploads\/2022\/06\/jpeg-imag11-1-768x432.jpg 768w\" sizes=\"auto, (max-width: 800px) 100vw, 800px\" \/><\/figure>\n<\/div>\n\n\n\n<div class=\"wp-block-column is-layout-flow wp-block-column-is-layout-flow\">\n<figure class=\"wp-block-image size-full\"><img loading=\"lazy\" decoding=\"async\" width=\"800\" height=\"450\" src=\"http:\/\/carreleur-bano.fr\/wp-content\/uploads\/2022\/06\/20201204_093209.jpg\" alt=\"\" class=\"wp-image-487\" srcset=\"https:\/\/carreleur-bano.fr\/wp-content\/uploads\/2022\/06\/20201204_093209.jpg 800w, https:\/\/carreleur-bano.fr\/wp-content\/uploads\/2022\/06\/20201204_093209-300x169.jpg 300w, https:\/\/carreleur-bano.fr\/wp-content\/uploads\/2022\/06\/20201204_093209-768x432.jpg 768w\" sizes=\"auto, (max-width: 800px) 100vw, 800px\" \/><\/figure>\n<\/div>\n\n\n\n<div class=\"wp-block-column is-layout-flow wp-block-column-is-layout-flow\">\n<figure class=\"wp-block-image size-large\"><img loading=\"lazy\" decoding=\"async\" width=\"1024\" height=\"576\" src=\"http:\/\/carreleur-bano.fr\/wp-content\/uploads\/2022\/06\/Resized_20210304_164722-1-1024x576.jpg\" alt=\"\" class=\"wp-image-488\" srcset=\"https:\/\/carreleur-bano.fr\/wp-content\/uploads\/2022\/06\/Resized_20210304_164722-1-1024x576.jpg 1024w, https:\/\/carreleur-bano.fr\/wp-content\/uploads\/2022\/06\/Resized_20210304_164722-1-300x169.jpg 300w, https:\/\/carreleur-bano.fr\/wp-content\/uploads\/2022\/06\/Resized_20210304_164722-1-768x432.jpg 768w, https:\/\/carreleur-bano.fr\/wp-content\/uploads\/2022\/06\/Resized_20210304_164722-1-1536x864.jpg 1536w, https:\/\/carreleur-bano.fr\/wp-content\/uploads\/2022\/06\/Resized_20210304_164722-1.jpg 1614w\" sizes=\"auto, (max-width: 1024px) 100vw, 1024px\" \/><\/figure>\n<\/div>\n<\/div>\n\n\n\n<div class=\"wp-block-columns is-layout-flex wp-container-core-columns-is-layout-9d6595d7 wp-block-columns-is-layout-flex\">\n<div class=\"wp-block-column is-layout-flow wp-block-column-is-layout-flow\">\n<figure class=\"wp-block-image size-full\"><img loading=\"lazy\" decoding=\"async\" width=\"960\" height=\"540\" src=\"http:\/\/carreleur-bano.fr\/wp-content\/uploads\/2022\/06\/Resized_211-1.jpg\" alt=\"\" class=\"wp-image-489\" srcset=\"https:\/\/carreleur-bano.fr\/wp-content\/uploads\/2022\/06\/Resized_211-1.jpg 960w, https:\/\/carreleur-bano.fr\/wp-content\/uploads\/2022\/06\/Resized_211-1-300x169.jpg 300w, https:\/\/carreleur-bano.fr\/wp-content\/uploads\/2022\/06\/Resized_211-1-768x432.jpg 768w\" sizes=\"auto, (max-width: 960px) 100vw, 960px\" \/><\/figure>\n<\/div>\n\n\n\n<div class=\"wp-block-column is-layout-flow wp-block-column-is-layout-flow\">\n<figure class=\"wp-block-image size-large\"><img loading=\"lazy\" decoding=\"async\" width=\"1024\" height=\"576\" src=\"http:\/\/carreleur-bano.fr\/wp-content\/uploads\/2022\/06\/Resized_20210304_164731001-1-1024x576.jpg\" alt=\"\" class=\"wp-image-490\" srcset=\"https:\/\/carreleur-bano.fr\/wp-content\/uploads\/2022\/06\/Resized_20210304_164731001-1-1024x576.jpg 1024w, https:\/\/carreleur-bano.fr\/wp-content\/uploads\/2022\/06\/Resized_20210304_164731001-1-300x169.jpg 300w, https:\/\/carreleur-bano.fr\/wp-content\/uploads\/2022\/06\/Resized_20210304_164731001-1-768x432.jpg 768w, https:\/\/carreleur-bano.fr\/wp-content\/uploads\/2022\/06\/Resized_20210304_164731001-1-1536x864.jpg 1536w, https:\/\/carreleur-bano.fr\/wp-content\/uploads\/2022\/06\/Resized_20210304_164731001-1.jpg 1614w\" sizes=\"auto, (max-width: 1024px) 100vw, 1024px\" \/><\/figure>\n<\/div>\n\n\n\n<div class=\"wp-block-column is-layout-flow wp-block-column-is-layout-flow\">\n<figure class=\"wp-block-image size-full\"><img loading=\"lazy\" decoding=\"async\" width=\"800\" height=\"450\" src=\"http:\/\/carreleur-bano.fr\/wp-content\/uploads\/2022\/06\/1654586931481_20190408_173222.jpg\" alt=\"\" class=\"wp-image-491\" srcset=\"https:\/\/carreleur-bano.fr\/wp-content\/uploads\/2022\/06\/1654586931481_20190408_173222.jpg 800w, https:\/\/carreleur-bano.fr\/wp-content\/uploads\/2022\/06\/1654586931481_20190408_173222-300x169.jpg 300w, https:\/\/carreleur-bano.fr\/wp-content\/uploads\/2022\/06\/1654586931481_20190408_173222-768x432.jpg 768w\" sizes=\"auto, (max-width: 800px) 100vw, 800px\" \/><\/figure>\n<\/div>\n<\/div>\n<\/div><\/div>\n\n\n\n<div class=\"wp-block-group\"><div class=\"wp-block-group__inner-container is-layout-flow wp-block-group-is-layout-flow\">\n<h3 class=\"has-text-align-center wp-block-heading\" id=\"mes-clients-temoignent\" style=\"font-size:26px\">Mes clients t\u00e9moignent<\/h3>\n\n\n\n<hr class=\"wp-block-separator has-text-color has-neve-button-color-color has-css-opacity has-neve-button-color-background-color has-background is-style-default\"\/>\n\n\n\n<div class=\"wp-block-columns is-layout-flex wp-container-core-columns-is-layout-9d6595d7 wp-block-columns-is-layout-flex\">\n<div class=\"wp-block-column is-layout-flow wp-block-column-is-layout-flow\"><div class=\"wp-block-image\">\n<figure class=\"aligncenter size-full\"><img loading=\"lazy\" decoding=\"async\" width=\"64\" height=\"64\" src=\"http:\/\/carreleur-bano.fr\/wp-content\/uploads\/2022\/06\/user-2.png\" alt=\"\" class=\"wp-image-508\"\/><\/figure>\n<\/div>\n\n\n<p class=\"has-text-align-center\"><strong>Damien L.<\/strong><\/p>\n\n\n\n<p class=\"has-text-align-center\"><em>\u00ab\u00a0Merci Alexandre pour votre travail consciencieux !\u00a0\u00bb<\/em><\/p>\n<\/div>\n\n\n\n<div class=\"wp-block-column is-layout-flow wp-block-column-is-layout-flow\"><div class=\"wp-block-image\">\n<figure class=\"aligncenter size-full\"><img loading=\"lazy\" decoding=\"async\" width=\"64\" height=\"64\" src=\"http:\/\/carreleur-bano.fr\/wp-content\/uploads\/2022\/06\/user-2.png\" alt=\"\" class=\"wp-image-508\"\/><\/figure>\n<\/div>\n\n\n<p class=\"has-text-align-center\"><strong>Louise M.<\/strong><\/p>\n\n\n\n<p class=\"has-text-align-center\"><em>\u00ab\u00a0M. Bano m&rsquo;a apport\u00e9 d&rsquo;excellents conseils pour choisir le carrelage qui convenait le mieux \u00e0 ma terrasse ext\u00e9rieure. Il l&rsquo;a ensuite pos\u00e9 avec s\u00e9rieux<\/em>, rigueur et dans les temps convenus<em>. Merci.\u00a0\u00bb<\/em><\/p>\n<\/div>\n\n\n\n<div class=\"wp-block-column is-layout-flow wp-block-column-is-layout-flow\"><div class=\"wp-block-image\">\n<figure class=\"aligncenter size-full\"><img loading=\"lazy\" decoding=\"async\" width=\"64\" height=\"64\" src=\"http:\/\/carreleur-bano.fr\/wp-content\/uploads\/2022\/06\/user-2.png\" alt=\"\" class=\"wp-image-508\"\/><\/figure>\n<\/div>\n\n\n<p class=\"has-text-align-center\"><strong>Philippe A.<\/strong><\/p>\n\n\n\n<p class=\"has-text-align-center\"><em>\u00ab\u00a0<\/em>Alexandre Bano est un artisan carreleur \u00e0 l&rsquo;\u00e9coute qui a su m&rsquo;accompagner dans mon projet de r\u00e9novation de ma pi\u00e8ce de vivre.<em>\u00ab\u00a0<\/em><\/p>\n<\/div>\n<\/div>\n<\/div><\/div>\n\n\n\n<h3 class=\"has-text-align-center wp-block-heading\" id=\"ou-alexandre-bano-exerce-son-metier-de-carreleur\" style=\"font-size:26px\">O\u00f9 Alexandre Bano exerce son m\u00e9tier de carreleur ?<\/h3>\n\n\n\n<div class=\"wp-block-group\"><div class=\"wp-block-group__inner-container is-layout-flow wp-block-group-is-layout-flow\"><\/div><\/div>\n\n\n\n<div class=\"wp-block-columns is-layout-flex wp-container-core-columns-is-layout-9d6595d7 wp-block-columns-is-layout-flex\">\n<div class=\"wp-block-column is-layout-flow wp-block-column-is-layout-flow\">\n<iframe loading=\"lazy\" src=\"https:\/\/www.google.com\/maps\/d\/embed?mid=1X9IBeQeGMDvdGkZ6JEZCKBCRsem_sTYj&amp;hl=fr&amp;ehbc=2E312F\" width=\"100%\" height=\"300\"><\/iframe>\n<\/div>\n\n\n\n<div class=\"wp-block-column is-layout-flow wp-block-column-is-layout-flow\">\n<p><\/p>\n\n\n\n<p class=\"has-medium-font-size\">Install\u00e9 depuis 2007 en Vienne, Alexandre Bano exerce son activit\u00e9 d&rsquo;artisan carreleur \u00e0 40 kilom\u00e8tres autour de <strong>Dienn\u00e9 <\/strong>notamment \u00e0 <strong>Poitiers, Ch\u00e2tellerault et Lussac-les-Ch\u00e2teaux&#8230;<\/strong><\/p>\n<\/div>\n<\/div>\n\n\n\n<div style=\"height:28px\" aria-hidden=\"true\" class=\"wp-block-spacer\"><\/div>\n\n\n\n<div class=\"wp-block-columns is-layout-flex wp-container-core-columns-is-layout-9d6595d7 wp-block-columns-is-layout-flex\">\n<div class=\"wp-block-column is-layout-flow wp-block-column-is-layout-flow\" style=\"flex-basis:100%\">\n<div class=\"wp-block-group\"><div class=\"wp-block-group__inner-container is-layout-flow wp-block-group-is-layout-flow\"><\/div><\/div>\n<\/div>\n<\/div>\n\n\n<div class=\"wpforms-container wpforms-container-full\" id=\"wpforms-475\"><form id=\"wpforms-form-475\" class=\"wpforms-validate wpforms-form wpforms-ajax-form\" data-formid=\"475\" method=\"post\" enctype=\"multipart\/form-data\" action=\"\/index.php\/wp-json\/wp\/v2\/pages\/363\" data-token=\"1485ad13e613a47e20198450e279633a\"><div class=\"wpforms-head-container\"><div class=\"wpforms-title\">Formulaire de contact carreleur-bano.fr<\/div><\/div><noscript class=\"wpforms-error-noscript\">Please enable JavaScript in your browser to complete this form.<\/noscript><div class=\"wpforms-field-container\"><div id=\"wpforms-475-field_0-container\" class=\"wpforms-field wpforms-field-name\" data-field-id=\"0\"><label class=\"wpforms-field-label\" for=\"wpforms-475-field_0\">Coordonn\u00e9es <span class=\"wpforms-required-label\">*<\/span><\/label><div class=\"wpforms-field-row wpforms-field-medium\"><div class=\"wpforms-field-row-block wpforms-first wpforms-one-half\"><input type=\"text\" id=\"wpforms-475-field_0\" class=\"wpforms-field-name-first wpforms-field-required\" name=\"wpforms[fields][0][first]\" required><label for=\"wpforms-475-field_0\" class=\"wpforms-field-sublabel after \">First<\/label><\/div><div class=\"wpforms-field-row-block wpforms-one-half\"><input type=\"text\" id=\"wpforms-475-field_0-last\" class=\"wpforms-field-name-last wpforms-field-required\" name=\"wpforms[fields][0][last]\" required><label for=\"wpforms-475-field_0-last\" class=\"wpforms-field-sublabel after \">Last<\/label><\/div><\/div><\/div><div id=\"wpforms-475-field_1-container\" class=\"wpforms-field wpforms-field-email\" data-field-id=\"1\"><label class=\"wpforms-field-label\" for=\"wpforms-475-field_1\">Email <span class=\"wpforms-required-label\">*<\/span><\/label><input type=\"email\" id=\"wpforms-475-field_1\" class=\"wpforms-field-medium wpforms-field-required\" name=\"wpforms[fields][1]\" required><\/div><div id=\"wpforms-475-field_3-container\" class=\"wpforms-field wpforms-field-number\" data-field-id=\"3\"><label class=\"wpforms-field-label\" for=\"wpforms-475-field_3\">T\u00e9l\u00e9phone <span class=\"wpforms-required-label\">*<\/span><\/label><input type=\"number\" pattern=\"\\d*\" id=\"wpforms-475-field_3\" class=\"wpforms-field-medium wpforms-field-required\" name=\"wpforms[fields][3]\" required><\/div><div id=\"wpforms-475-field_2-container\" class=\"wpforms-field wpforms-field-textarea\" data-field-id=\"2\"><label class=\"wpforms-field-label\" for=\"wpforms-475-field_2\">Message <span class=\"wpforms-required-label\">*<\/span><\/label><textarea id=\"wpforms-475-field_2\" class=\"wpforms-field-medium wpforms-field-required\" name=\"wpforms[fields][2]\" required><\/textarea><\/div><\/div><div class=\"wpforms-submit-container\"><input type=\"hidden\" name=\"wpforms[id]\" value=\"475\"><input type=\"hidden\" name=\"wpforms[author]\" value=\"1\"><button type=\"submit\" name=\"wpforms[submit]\" id=\"wpforms-submit-475\" class=\"wpforms-submit\" data-alt-text=\"En cours d&#039;envoi...\" data-submit-text=\"Envoyer\" aria-live=\"assertive\" value=\"wpforms-submit\">Envoyer<\/button><img loading=\"lazy\" decoding=\"async\" src=\"https:\/\/carreleur-bano.fr\/wp-content\/plugins\/wpforms-lite\/assets\/images\/submit-spin.svg\" class=\"wpforms-submit-spinner\" style=\"display: none;\" width=\"26\" height=\"26\" alt=\"\"><\/div><\/form><\/div>  <!-- .wpforms-container -->","protected":false},"excerpt":{"rendered":"<p>Carreleur expert en pose de carrelage, c\u00e9ramique, fa\u00efence, pierres&#8230; Alexandre Bano, artisan carreleur, vous propose de vous accompagner dans tous vos besoins de pose de c\u00e9ramique, carrelage, fa\u00efence et pierres pour l&rsquo;int\u00e9rieur ou l&rsquo;ext\u00e9rieur de votre maison. Neuf ou en r\u00e9novation, faites de votre terrasse, votre salle de bain, votre cuisine ou votre salle de&hellip;&nbsp;<a href=\"https:\/\/carreleur-bano.fr\/\" class=\"\" rel=\"bookmark\">Lire la suite &raquo;<span class=\"screen-reader-text\">Bienvenue<\/span><\/a><\/p>\n","protected":false},"author":1,"featured_media":0,"parent":0,"menu_order":0,"comment_status":"closed","ping_status":"closed","template":"","meta":{"neve_meta_sidebar":"","neve_meta_container":"","neve_meta_enable_content_width":"","neve_meta_content_width":0,"neve_meta_title_alignment":"","neve_meta_author_avatar":"","neve_post_elements_order":"","neve_meta_disable_header":"","neve_meta_disable_footer":"","neve_meta_disable_title":"","_ti_tpc_template_sync":false,"_ti_tpc_template_id":"","footnotes":""},"class_list":["post-363","page","type-page","status-publish","hentry"],"_links":{"self":[{"href":"https:\/\/carreleur-bano.fr\/index.php\/wp-json\/wp\/v2\/pages\/363","targetHints":{"allow":["GET"]}}],"collection":[{"href":"https:\/\/carreleur-bano.fr\/index.php\/wp-json\/wp\/v2\/pages"}],"about":[{"href":"https:\/\/carreleur-bano.fr\/index.php\/wp-json\/wp\/v2\/types\/page"}],"author":[{"embeddable":true,"href":"https:\/\/carreleur-bano.fr\/index.php\/wp-json\/wp\/v2\/users\/1"}],"replies":[{"embeddable":true,"href":"https:\/\/carreleur-bano.fr\/index.php\/wp-json\/wp\/v2\/comments?post=363"}],"version-history":[{"count":67,"href":"https:\/\/carreleur-bano.fr\/index.php\/wp-json\/wp\/v2\/pages\/363\/revisions"}],"predecessor-version":[{"id":513,"href":"https:\/\/carreleur-bano.fr\/index.php\/wp-json\/wp\/v2\/pages\/363\/revisions\/513"}],"wp:attachment":[{"href":"https:\/\/carreleur-bano.fr\/index.php\/wp-json\/wp\/v2\/media?parent=363"}],"curies":[{"name":"wp","href":"https:\/\/api.w.org\/{rel}","templated":true}]}}